{"id":102,"date":"2015-05-11T17:32:33","date_gmt":"2015-05-11T15:32:33","guid":{"rendered":"http:\/\/www.weingut-polsterer.com\/Wordpress\/?page_id=102"},"modified":"2020-03-24T22:10:16","modified_gmt":"2020-03-24T21:10:16","slug":"impressum","status":"publish","type":"page","link":"https:\/\/www.weingut-polsterer.com\/Wordpress\/impressum\/","title":{"rendered":"Impressum"},"content":{"rendered":"<p><strong>F\u00fcr den Inhalt verantwortlich:<\/strong><br \/>\n<strong>Weingut Walter&nbsp;Polsterer<\/strong><br \/>\nNeufang 25<br \/>\nA-3483&nbsp;Feuersbrunn<\/p>\n<p>Telefon (+43) 02738\/2258<br \/>\nwalter@weingut-polsterer.com<\/p>\n<p class=\"CMS_Content\"><strong>Privacy Statement<br \/>\n<\/strong>Der Online Auftritt&nbsp;des Weingut&#8217;s Walter&nbsp;Polsterer stellt die Privatsph\u00e4re seiner Besucher sicher. Alle Ihre Daten, die an uns \u00fcbermittelt werden, behandeln wir vertraulich. Die Daten werden selbstverst\u00e4ndlich auch nicht an Dritte weitergegeben.<\/p>\n<p class=\"CMS_Content\"><strong>Haftungshinweis<br \/>\n<\/strong>Das&nbsp;Weingut Walter&nbsp;Polsterer&nbsp;ist bestrebt, sein Webangebot aktuell, inhaltlich richtig und vollst\u00e4ndig anzubieten. Das Auftreten von Fehlern kann dennoch nicht ausgeschlossen werden.&nbsp;Das&nbsp;Weingut Walter&nbsp;Polsterer \u00fcbernimmt keine Haftung f\u00fcr die Aktualit\u00e4t, den Inhalt und die Vollst\u00e4ndigkeit der in ihrem Webangebot bereitgestellten Informationen. Wir distanzieren uns ausdr\u00fccklich von allen Inhalten aller gelinkten Seiten auf unserer Homepage und machen uns diese Inhalte nicht zu eigen. Diese Erkl\u00e4rung gilt f\u00fcr alle auf dieser Website angebrachten Links.<\/p>\n<p class=\"CMS_Content\"><strong>Copyright <\/strong><br \/>\nInhalt und Struktur dieser Website sind urheberrechtlich gesch\u00fctzt. Die Vervielf\u00e4ltigung von Informationen oder Daten, die Verwendung von Texten, Textteilen oder Bildmaterial bedarf der vorherigen Zustimmung&nbsp;des Weingut&#8217;s Walter&nbsp;Polsterer.<\/p>\n<p class=\"CMS_Content\"><strong>Webdesign &amp; Programmierung<\/strong><br \/>\nMichael Polsterer, Patrick Polsterer und Tanja Prakesch<\/p>\n","protected":false},"excerpt":{"rendered":"<p>F\u00fcr den Inhalt verantwortlich: Weingut Walter&nbsp;Polsterer Neufang 25 A-3483&nbsp;Feuersbrunn Telefon (+43) 02738\/2258 walter@weingut-polsterer.com Privacy Statement Der Online Auftritt&nbsp;des Weingut&#8217;s Walter&nbsp;Polsterer stellt die Privatsph\u00e4re seiner Besucher sicher. Alle Ihre Daten, die an uns \u00fcbermittelt werden, behandeln wir vertraulich. Die Daten werden selbstverst\u00e4ndlich auch nicht an Dritte weitergegeben. Haftungshinweis Das&nbsp;Weingut Walter&nbsp;Polsterer&nbsp;ist bestrebt, sein Webangebot aktuell, inhaltlich richtig und vollst\u00e4ndig anzubieten. Das Auftreten von Fehlern kann dennoch nicht ausgeschlossen werden.&nbsp;Das&nbsp;Weingut Walter&nbsp;Polsterer \u00fcbernimmt keine&#8230;<\/p>\n","protected":false},"author":1,"featured_media":0,"parent":0,"menu_order":0,"comment_status":"closed","ping_status":"closed","template":"template-fullwidth.php","meta":[],"translation":{"provider":"WPGlobus","version":"2.10.0","language":"de","enabled_languages":["de"],"languages":{"de":{"title":true,"content":true,"excerpt":false}}},"_links":{"self":[{"href":"https:\/\/www.weingut-polsterer.com\/Wordpress\/wp-json\/wp\/v2\/pages\/102"}],"collection":[{"href":"https:\/\/www.weingut-polsterer.com\/Wordpress\/wp-json\/wp\/v2\/pages"}],"about":[{"href":"https:\/\/www.weingut-polsterer.com\/Wordpress\/wp-json\/wp\/v2\/types\/page"}],"author":[{"embeddable":true,"href":"https:\/\/www.weingut-polsterer.com\/Wordpress\/wp-json\/wp\/v2\/users\/1"}],"replies":[{"embeddable":true,"href":"https:\/\/www.weingut-polsterer.com\/Wordpress\/wp-json\/wp\/v2\/comments?post=102"}],"version-history":[{"count":11,"href":"https:\/\/www.weingut-polsterer.com\/Wordpress\/wp-json\/wp\/v2\/pages\/102\/revisions"}],"predecessor-version":[{"id":510,"href":"https:\/\/www.weingut-polsterer.com\/Wordpress\/wp-json\/wp\/v2\/pages\/102\/revisions\/510"}],"wp:attachment":[{"href":"https:\/\/www.weingut-polsterer.com\/Wordpress\/wp-json\/wp\/v2\/media?parent=102"}],"curies":[{"name":"wp","href":"https:\/\/api.w.org\/{rel}","templated":true}]}}