{"id":46,"date":"2015-05-11T15:43:36","date_gmt":"2015-05-11T13:43:36","guid":{"rendered":"http:\/\/www.weingut-polsterer.com\/Wordpress\/?page_id=46"},"modified":"2022-02-05T19:33:36","modified_gmt":"2022-02-05T18:33:36","slug":"weingaerten","status":"publish","type":"page","link":"https:\/\/www.weingut-polsterer.com\/Wordpress\/weingaerten\/","title":{"rendered":"Weing\u00e4rten"},"content":{"rendered":"<\/p>\n<p>Qualit\u00e4t beginnt im Weingarten.<\/p>\n<p>Unsere Weing\u00e4rten sind zu einem gro\u00dfen Teil mit der Rebsorte Gr\u00fcner Veltliner bepflanzt. Aber auch Riesling, Wei\u00dfburgunder, Welschriesling, Gelber Muskateller, Chardonnay und Rivaner liefern regionstypische Wei\u00dfweine. Blauer Zweigelt und Cabernet Sauvignon reifen\u00a0hingegen zu kr\u00e4ftigen Sortenweinen f\u00fcr Rotweinliebhaber heran. Diese erhalten und vervollst\u00e4ndigen\u00a0wir in unserem Weinkeller, der in der traditionellen Feuersbrunner Kellergasse liegt. Dazu stehen uns moderne Kellereitechniken und ein profundes Wissen rund um die Welt des Weines zur Verf\u00fcgung.<br \/>Wir hoffen, dass die Freude am Weinbau unsere Weine f\u00fcr Sie zu einem besonderen Erlebnis machen.<\/p>\n<p>\u00a0<\/p>\n\n\n<div class=\"alignnormal\"><div id=\"metaslider-id-881\" style=\"max-width: 600px; margin: 0 auto;\" class=\"ml-slider-3-25-2 metaslider metaslider-flex metaslider-881 ml-slider\">\n    <div id=\"metaslider_container_881\">\n        <div id=\"metaslider_881\">\n            <ul aria-live=\"polite\" class=\"slides\">\n                <li style=\"display: block; width: 100%;\" class=\"slide-882 ms-image\"><img src=\"https:\/\/www.weingut-polsterer.com\/Wordpress\/wp-content\/uploads\/2015\/05\/IMG_63771-600x375.jpg\" height=\"375\" width=\"600\" alt=\"\" class=\"slider-881 slide-882\" title=\"IMG_63771\" \/><\/li>\n                <li style=\"display: none; width: 100%;\" class=\"slide-885 ms-image\"><img src=\"https:\/\/www.weingut-polsterer.com\/Wordpress\/wp-content\/uploads\/2015\/05\/IMG_5003-600x375.jpg\" height=\"375\" width=\"600\" alt=\"\" class=\"slider-881 slide-885\" title=\"IMG_5003\" \/><\/li>\n                <li style=\"display: none; width: 100%;\" class=\"slide-886 ms-image\"><img src=\"https:\/\/www.weingut-polsterer.com\/Wordpress\/wp-content\/uploads\/2015\/05\/DSC3104-591x369.jpg\" height=\"375\" width=\"600\" alt=\"\" class=\"slider-881 slide-886\" title=\"DSC3104\" \/><\/li>\n                <li style=\"display: none; width: 100%;\" class=\"slide-887 ms-image\"><img src=\"https:\/\/www.weingut-polsterer.com\/Wordpress\/wp-content\/uploads\/2015\/05\/DSC4075-591x369.jpg\" height=\"375\" width=\"600\" alt=\"\" class=\"slider-881 slide-887\" title=\"DSC4075\" \/><\/li>\n            <\/ul>\n        <\/div>\n        \n    <\/div>\n<\/div><\/div>\n\n\n\n<p>","protected":false},"excerpt":{"rendered":"<p>Qualit\u00e4t beginnt im Weingarten. Unsere Weing\u00e4rten sind zu einem gro\u00dfen Teil mit der Rebsorte Gr\u00fcner Veltliner bepflanzt. Aber auch Riesling, Wei\u00dfburgunder, Welschriesling, Gelber Muskateller, Chardonnay und Rivaner liefern regionstypische Wei\u00dfweine. Blauer Zweigelt und Cabernet Sauvignon reifen\u00a0hingegen zu kr\u00e4ftigen Sortenweinen f\u00fcr Rotweinliebhaber heran. Diese erhalten und vervollst\u00e4ndigen\u00a0wir in unserem Weinkeller, der in der traditionellen Feuersbrunner Kellergasse liegt. Dazu stehen uns moderne Kellereitechniken und ein profundes Wissen rund um die Welt des&#8230;<\/p>\n","protected":false},"author":1,"featured_media":0,"parent":0,"menu_order":0,"comment_status":"closed","ping_status":"closed","template":"template-fullwidth.php","meta":[],"translation":{"provider":"WPGlobus","version":"2.10.0","language":"de","enabled_languages":["de"],"languages":{"de":{"title":true,"content":true,"excerpt":false}}},"_links":{"self":[{"href":"https:\/\/www.weingut-polsterer.com\/Wordpress\/wp-json\/wp\/v2\/pages\/46"}],"collection":[{"href":"https:\/\/www.weingut-polsterer.com\/Wordpress\/wp-json\/wp\/v2\/pages"}],"about":[{"href":"https:\/\/www.weingut-polsterer.com\/Wordpress\/wp-json\/wp\/v2\/types\/page"}],"author":[{"embeddable":true,"href":"https:\/\/www.weingut-polsterer.com\/Wordpress\/wp-json\/wp\/v2\/users\/1"}],"replies":[{"embeddable":true,"href":"https:\/\/www.weingut-polsterer.com\/Wordpress\/wp-json\/wp\/v2\/comments?post=46"}],"version-history":[{"count":7,"href":"https:\/\/www.weingut-polsterer.com\/Wordpress\/wp-json\/wp\/v2\/pages\/46\/revisions"}],"predecessor-version":[{"id":889,"href":"https:\/\/www.weingut-polsterer.com\/Wordpress\/wp-json\/wp\/v2\/pages\/46\/revisions\/889"}],"wp:attachment":[{"href":"https:\/\/www.weingut-polsterer.com\/Wordpress\/wp-json\/wp\/v2\/media?parent=46"}],"curies":[{"name":"wp","href":"https:\/\/api.w.org\/{rel}","templated":true}]}}