{"id":62,"date":"2015-05-11T16:31:19","date_gmt":"2015-05-11T14:31:19","guid":{"rendered":"http:\/\/www.weingut-polsterer.com\/Wordpress\/?page_id=62"},"modified":"2025-12-02T13:06:20","modified_gmt":"2025-12-02T12:06:20","slug":"bouteillen-weiss","status":"publish","type":"page","link":"https:\/\/www.weingut-polsterer.com\/Wordpress\/weine\/bouteillen-weiss\/","title":{"rendered":"Wei\u00dfwein"},"content":{"rendered":"<p>\u00a0<\/p>\n<p><b style=\"font-size: 16px;\">Feuersbrunner<a href=\"http:\/\/www.weingut-polsterer.com\/Wordpress\/wp-content\/uploads\/2021\/10\/Gr\u00fcner-Veltlinerneu.png\"><img loading=\"lazy\" class=\"wp-image-832 size-medium alignright\" src=\"http:\/\/www.weingut-polsterer.com\/Wordpress\/wp-content\/uploads\/2021\/10\/Gr\u00fcner-Veltlinerneu-201x300.png\" alt=\"\" width=\"201\" height=\"300\" \/><\/a><br \/><b style=\"font-size: 20px;\">Gr\u00fcner Veltliner<\/b><br \/><\/b>WagramDac &#8211; \u00d6sterreich<b style=\"font-size: large;\"><br \/><\/b><span style=\"font-size: 15px;\">Qualit\u00e4tswein 2024 &#8211; trocken<br \/>13,0% vol &#8211; Erzeugerabf\u00fcllung &#8211; 0,75<\/span>l<br \/><span style=\"font-size: 15px;\">Ein frischer, w\u00fcrziger Wein mit dem typischen Veltliner-Aroma<br \/>nach wei\u00dfem Pfeffer.\u00a0 \u00a0 \u00a0 \u00a0 \u00a0 \u00a0 \u00a0 \u00a0 \u00a0 \u00a0 \u00a0 \u00a0 \u00a0 \u00a0 \u00a0 \u00a0 \u00a0 \u00a0 \u00a0 \u00a0 \u00a0 \u00a0 \u00a0 \u00a0 \u00a0 \u00a0 \u00a0\u00a0<\/span><\/p>\n<p><img loading=\"lazy\" class=\"\" src=\"https:\/\/www.weingut-polsterer.com\/Wordpress\/wp-content\/uploads\/2021\/07\/N%C3%96-Gold.jpg\" width=\"115\" height=\"115\" \/><\/p>\n<hr \/>\n<p><a href=\"http:\/\/www.weingut-polsterer.com\/Wordpress\/wp-content\/uploads\/2021\/10\/Gr\u00fcner-Veltlinerneu.png\"><img loading=\"lazy\" class=\"size-medium wp-image-832 alignleft\" src=\"http:\/\/www.weingut-polsterer.com\/Wordpress\/wp-content\/uploads\/2021\/10\/Gr\u00fcner-Veltlinerneu-201x300.png\" alt=\"\" width=\"201\" height=\"300\" \/><\/a><\/p>\n<p style=\"margin-top: 30px; text-align: right;\" align=\"center\"><b style=\"font-size: 16px;\">Feuersbrunner<\/b><\/p>\n<p style=\"text-align: right;\"><b style=\"font-size: 20px;\">Gr\u00fcner Veltliner<\/b><\/p>\n<p style=\"text-align: right;\"><strong>Reserve<\/strong><\/p>\n<p style=\"text-align: right;\">WagramDac &#8211; \u00d6sterreich<b style=\"font-size: large;\"><\/b><\/p>\n<p style=\"text-align: right;\"><span style=\"font-size: 15px;\">Qualit\u00e4tswein 2023 &#8211; trocken<\/span><\/p>\n<p style=\"text-align: right;\">13,5% vol &#8211; Erzeugerabf\u00fcllung &#8211; 0,75l<\/p>\n<p style=\"text-align: right;\">\u00a0 \u00a0 Ein Gr\u00fcner Veltliner aus den besten Lagen Feuersbrunns, der durch seine spezielle Ausbauweise\u00a0 sowohl fruchtig als auch volumin\u00f6s und anregend ist.<\/p>\n<p>\u00a0<\/p>\n<hr \/>\n<p align=\"center\">\u00a0<\/p>\n<p style=\"margin-bottom: 85px; margin-top: 10px; text-align: left;\" align=\"center\"><b style=\"font-size: 16px;\">Feuersbrunner<a href=\"http:\/\/www.weingut-polsterer.com\/Wordpress\/wp-content\/uploads\/2021\/10\/Rieslingneu.png\"><img loading=\"lazy\" class=\"size-medium wp-image-823 alignright\" src=\"http:\/\/www.weingut-polsterer.com\/Wordpress\/wp-content\/uploads\/2021\/10\/Rieslingneu-200x300.png\" alt=\"\" width=\"200\" height=\"300\" srcset=\"https:\/\/www.weingut-polsterer.com\/Wordpress\/wp-content\/uploads\/2021\/10\/Rieslingneu-200x300.png 200w, https:\/\/www.weingut-polsterer.com\/Wordpress\/wp-content\/uploads\/2021\/10\/Rieslingneu-683x1024.png 683w, https:\/\/www.weingut-polsterer.com\/Wordpress\/wp-content\/uploads\/2021\/10\/Rieslingneu-768x1152.png 768w, https:\/\/www.weingut-polsterer.com\/Wordpress\/wp-content\/uploads\/2021\/10\/Rieslingneu-1024x1536.png 1024w, https:\/\/www.weingut-polsterer.com\/Wordpress\/wp-content\/uploads\/2021\/10\/Rieslingneu-1365x2048.png 1365w, https:\/\/www.weingut-polsterer.com\/Wordpress\/wp-content\/uploads\/2021\/10\/Rieslingneu-100x150.png 100w\" sizes=\"(max-width: 200px) 100vw, 200px\" \/><\/a><br \/><b style=\"font-size: 20px;\">Riesling<\/b><br \/><\/b>WagramDac &#8211; \u00d6sterreich<b style=\"font-size: large;\"><br \/><\/b><span style=\"font-size: 15px;\">Qualit\u00e4tswein 2024 &#8211; trocken<br \/>12,5% vol &#8211; Erzeugerabf\u00fcllung &#8211; 0,75<\/span>l<br \/><span style=\"font-size: 15px;\">Ein kr\u00e4ftiger, duftiger Wein mit einer fruchtigen,<br \/>der Sorte entsprechenden S\u00e4ure.\u00a0<\/span><\/p>\n<p style=\"margin-bottom: 85px; margin-top: 10px; text-align: left;\" align=\"center\"><span style=\"font-size: 15px;\"><img loading=\"lazy\" class=\"\" src=\"https:\/\/www.weingut-polsterer.com\/Wordpress\/wp-content\/uploads\/2021\/07\/N%C3%96-Gold.jpg\" width=\"115\" height=\"115\" \/><\/span><\/p>\n<hr \/>\n<p><a href=\"http:\/\/www.weingut-polsterer.com\/Wordpress\/wp-content\/uploads\/2021\/10\/Chardonnayneu.png\"><img loading=\"lazy\" class=\"size-medium wp-image-830 alignleft\" src=\"http:\/\/www.weingut-polsterer.com\/Wordpress\/wp-content\/uploads\/2021\/10\/Chardonnayneu-200x300.png\" alt=\"\" width=\"200\" height=\"300\" srcset=\"https:\/\/www.weingut-polsterer.com\/Wordpress\/wp-content\/uploads\/2021\/10\/Chardonnayneu-200x300.png 200w, https:\/\/www.weingut-polsterer.com\/Wordpress\/wp-content\/uploads\/2021\/10\/Chardonnayneu-683x1024.png 683w, https:\/\/www.weingut-polsterer.com\/Wordpress\/wp-content\/uploads\/2021\/10\/Chardonnayneu-768x1152.png 768w, https:\/\/www.weingut-polsterer.com\/Wordpress\/wp-content\/uploads\/2021\/10\/Chardonnayneu-1024x1536.png 1024w, https:\/\/www.weingut-polsterer.com\/Wordpress\/wp-content\/uploads\/2021\/10\/Chardonnayneu-1365x2048.png 1365w, https:\/\/www.weingut-polsterer.com\/Wordpress\/wp-content\/uploads\/2021\/10\/Chardonnayneu-100x150.png 100w\" sizes=\"(max-width: 200px) 100vw, 200px\" \/><\/a><\/p>\n<p>\u00a0<\/p>\n<p style=\"margin-top: 15px; margin-bottom: 75px; text-align: right;\" align=\"center\"><b style=\"font-size: 16px;\">Feuersbrunner<br \/><b style=\"font-size: 20px;\">Chardonnay<\/b><br \/><\/b>WagramDac &#8211; \u00d6sterreich<b style=\"font-size: large;\"><br \/><\/b><span style=\"font-size: 15px;\">Qualit\u00e4tswein 2024 &#8211; trocken<br \/>14,0% vol &#8211; Erzeugerabf\u00fcllung &#8211; 0,75<\/span>l<br \/><span style=\"font-size: 15px;\">Ein volumin\u00f6ser, komplexer Wein mit <\/span><span style=\"font-size: 15px;\">einer <\/span><span style=\"font-size: 15px;\">ausbalancierten <\/span><span style=\"font-size: 15px;\">\u00a0S\u00e4urestruktur und hohem Reifepotential.<\/span><\/p>\n<p align=\"center\"><img loading=\"lazy\" class=\"alignright\" src=\"https:\/\/www.weingut-polsterer.com\/Wordpress\/wp-content\/uploads\/2021\/07\/N%C3%96-Gold.jpg\" alt=\"\" width=\"115\" height=\"115\" \/><\/p>\n<p align=\"center\">\u00a0<\/p>\n<p align=\"center\">\u00a0<\/p>\n<hr \/>\n<p><a href=\"http:\/\/www.weingut-polsterer.com\/Wordpress\/wp-content\/uploads\/2021\/10\/Wei\u00dfer-Burgunderneu.png\"><img loading=\"lazy\" class=\"size-medium wp-image-824 alignright\" src=\"http:\/\/www.weingut-polsterer.com\/Wordpress\/wp-content\/uploads\/2021\/10\/Wei\u00dfer-Burgunderneu-200x300.png\" alt=\"\" width=\"200\" height=\"300\" srcset=\"https:\/\/www.weingut-polsterer.com\/Wordpress\/wp-content\/uploads\/2021\/10\/Wei\u00dfer-Burgunderneu-200x300.png 200w, https:\/\/www.weingut-polsterer.com\/Wordpress\/wp-content\/uploads\/2021\/10\/Wei\u00dfer-Burgunderneu-683x1024.png 683w, https:\/\/www.weingut-polsterer.com\/Wordpress\/wp-content\/uploads\/2021\/10\/Wei\u00dfer-Burgunderneu-768x1152.png 768w, https:\/\/www.weingut-polsterer.com\/Wordpress\/wp-content\/uploads\/2021\/10\/Wei\u00dfer-Burgunderneu-1024x1536.png 1024w, https:\/\/www.weingut-polsterer.com\/Wordpress\/wp-content\/uploads\/2021\/10\/Wei\u00dfer-Burgunderneu-1365x2048.png 1365w, https:\/\/www.weingut-polsterer.com\/Wordpress\/wp-content\/uploads\/2021\/10\/Wei\u00dfer-Burgunderneu-100x150.png 100w\" sizes=\"(max-width: 200px) 100vw, 200px\" \/><\/a><br \/><b style=\"font-size: 16px;\"><\/b><\/p>\n<p style=\"margin-top: 30px; margin-bottom: 75px; text-align: left;\" align=\"center\"><b style=\"font-size: 16px;\">Feuersbrunner<br \/><b style=\"font-size: 20px;\">Wei\u00dfer Burgunder<\/b><br \/><\/b>WagramDac &#8211; \u00d6sterreich<b style=\"font-size: large;\"><br \/><\/b><span style=\"font-size: 15px;\">Qualit\u00e4tswein 2024 &#8211; trocken<br \/>13,5% vol &#8211; Erzeugerabf\u00fcllung &#8211; 0,75<\/span>l<br \/><span style=\"font-size: 15px;\">Ein kr\u00e4ftiger Wein mit Aromen von Zitrus und Nuss.\u00a0 <\/span><\/p>\n<p style=\"margin-top: 30px; margin-bottom: 75px; text-align: left;\" align=\"center\"><span style=\"font-size: 15px;\"><img loading=\"lazy\" class=\"\" src=\"https:\/\/www.weingut-polsterer.com\/Wordpress\/wp-content\/uploads\/2021\/07\/N%C3%96-Gold.jpg\" width=\"115\" height=\"115\" \/>\u00a0 <\/span><span style=\"font-size: 15px;\">\u00a0 \u00a0 \u00a0 \u00a0 \u00a0 \u00a0 \u00a0 \u00a0 \u00a0 \u00a0 \u00a0<\/span><\/p>\n<hr \/>\n<p><a href=\"http:\/\/www.weingut-polsterer.com\/Wordpress\/wp-content\/uploads\/2021\/10\/Gelber-Muskatellerneu.png\"><img loading=\"lazy\" class=\"size-medium wp-image-822 alignleft\" src=\"http:\/\/www.weingut-polsterer.com\/Wordpress\/wp-content\/uploads\/2021\/10\/Gelber-Muskatellerneu-211x300.png\" alt=\"\" width=\"211\" height=\"300\" srcset=\"https:\/\/www.weingut-polsterer.com\/Wordpress\/wp-content\/uploads\/2021\/10\/Gelber-Muskatellerneu-211x300.png 211w, https:\/\/www.weingut-polsterer.com\/Wordpress\/wp-content\/uploads\/2021\/10\/Gelber-Muskatellerneu-719x1024.png 719w, https:\/\/www.weingut-polsterer.com\/Wordpress\/wp-content\/uploads\/2021\/10\/Gelber-Muskatellerneu-768x1094.png 768w, https:\/\/www.weingut-polsterer.com\/Wordpress\/wp-content\/uploads\/2021\/10\/Gelber-Muskatellerneu-1078x1536.png 1078w, https:\/\/www.weingut-polsterer.com\/Wordpress\/wp-content\/uploads\/2021\/10\/Gelber-Muskatellerneu-1437x2048.png 1437w, https:\/\/www.weingut-polsterer.com\/Wordpress\/wp-content\/uploads\/2021\/10\/Gelber-Muskatellerneu-100x142.png 100w, https:\/\/www.weingut-polsterer.com\/Wordpress\/wp-content\/uploads\/2021\/10\/Gelber-Muskatellerneu-200x285.png 200w\" sizes=\"(max-width: 211px) 100vw, 211px\" \/><\/a><\/p>\n<p>\u00a0<\/p>\n<p style=\"margin-top: 10px; margin-bottom: 75px; text-align: right;\" align=\"center\"><b style=\"font-size: 16px;\"><br \/><b style=\"font-size: 20px;\">Gelber Muskateller<\/b><br \/><\/b>WagramDac &#8211; \u00d6sterreich<b style=\"font-size: large;\"><br \/><\/b><span style=\"font-size: 15px;\">Qualit\u00e4tswein 2024 &#8211; trocken<br \/>12,0% vol &#8211; Erzeugerabf\u00fcllung &#8211; 0,75l<\/span><br \/><span style=\"font-size: 15px;\">Ein blumiger Wein mit einem fruchtigen,<br \/>erfrischenden S\u00e4urespiel.<\/span><\/p>\n<p align=\"center\">\u00a0<\/p>\n<hr \/>\n<p><a href=\"http:\/\/www.weingut-polsterer.com\/Wordpress\/wp-content\/uploads\/2021\/10\/Welschrieslingneu.png\"><img loading=\"lazy\" class=\"size-medium wp-image-825 alignright\" src=\"http:\/\/www.weingut-polsterer.com\/Wordpress\/wp-content\/uploads\/2021\/10\/Welschrieslingneu-214x300.png\" alt=\"\" width=\"214\" height=\"300\" srcset=\"https:\/\/www.weingut-polsterer.com\/Wordpress\/wp-content\/uploads\/2021\/10\/Welschrieslingneu-214x300.png 214w, https:\/\/www.weingut-polsterer.com\/Wordpress\/wp-content\/uploads\/2021\/10\/Welschrieslingneu-730x1024.png 730w, https:\/\/www.weingut-polsterer.com\/Wordpress\/wp-content\/uploads\/2021\/10\/Welschrieslingneu-768x1077.png 768w, https:\/\/www.weingut-polsterer.com\/Wordpress\/wp-content\/uploads\/2021\/10\/Welschrieslingneu-1095x1536.png 1095w, https:\/\/www.weingut-polsterer.com\/Wordpress\/wp-content\/uploads\/2021\/10\/Welschrieslingneu-1460x2048.png 1460w, https:\/\/www.weingut-polsterer.com\/Wordpress\/wp-content\/uploads\/2021\/10\/Welschrieslingneu-100x140.png 100w, https:\/\/www.weingut-polsterer.com\/Wordpress\/wp-content\/uploads\/2021\/10\/Welschrieslingneu-200x281.png 200w\" sizes=\"(max-width: 214px) 100vw, 214px\" \/><\/a><\/p>\n<p>\u00a0<\/p>\n<p style=\"text-align: left;\" align=\"center\"><b style=\"font-size: 16px;\"><br \/><b style=\"font-size: 20px;\">Welschriesling<\/b><br \/><\/b>Nieder\u00f6sterreich &#8211; \u00d6sterreich<b style=\"font-size: large;\"><br \/><\/b><span style=\"font-size: 15px;\">Qualit\u00e4tswein 2024 &#8211;\u00a0 trocken<br \/>12,0% vol &#8211; Erzeugerabf\u00fcllung &#8211; 0,75l<br \/>Ein frischer, fruchtiger Qualit\u00e4tswein<br \/>der trocken am Gaumen wirkt.<\/span><\/p>\n<p align=\"center\">\u00a0<\/p>\n<p align=\"center\"><img loading=\"lazy\" class=\"alignleft\" src=\"https:\/\/www.weingut-polsterer.com\/Wordpress\/wp-content\/uploads\/2021\/07\/N%C3%96-Gold.jpg\" alt=\"\" width=\"115\" height=\"115\" \/><\/p>\n<p style=\"text-align: right;\"><b style=\"text-align: -webkit-center;\">\u00a0<\/b><\/p>\n\n\n<p><\/p>\n","protected":false},"excerpt":{"rendered":"<p>\u00a0 FeuersbrunnerGr\u00fcner VeltlinerWagramDac &#8211; \u00d6sterreichQualit\u00e4tswein 2024 &#8211; trocken13,0% vol &#8211; Erzeugerabf\u00fcllung &#8211; 0,75lEin frischer, w\u00fcrziger Wein mit dem typischen Veltliner-Aromanach wei\u00dfem Pfeffer.\u00a0 \u00a0 \u00a0 \u00a0 \u00a0 \u00a0 \u00a0 \u00a0 \u00a0 \u00a0 \u00a0 \u00a0 \u00a0 \u00a0 \u00a0 \u00a0 \u00a0 \u00a0 \u00a0 \u00a0 \u00a0 \u00a0 \u00a0 \u00a0 \u00a0 \u00a0 \u00a0\u00a0 Feuersbrunner Gr\u00fcner Veltliner Reserve WagramDac &#8211; \u00d6sterreich Qualit\u00e4tswein 2023 &#8211; trocken 13,5% vol &#8211; Erzeugerabf\u00fcllung &#8211; 0,75l \u00a0 \u00a0 Ein Gr\u00fcner Veltliner&#8230;<\/p>\n","protected":false},"author":1,"featured_media":0,"parent":57,"menu_order":0,"comment_status":"closed","ping_status":"closed","template":"","meta":[],"translation":{"provider":"WPGlobus","version":"2.10.0","language":"de","enabled_languages":["de"],"languages":{"de":{"title":true,"content":true,"excerpt":false}}},"_links":{"self":[{"href":"https:\/\/www.weingut-polsterer.com\/Wordpress\/wp-json\/wp\/v2\/pages\/62"}],"collection":[{"href":"https:\/\/www.weingut-polsterer.com\/Wordpress\/wp-json\/wp\/v2\/pages"}],"about":[{"href":"https:\/\/www.weingut-polsterer.com\/Wordpress\/wp-json\/wp\/v2\/types\/page"}],"author":[{"embeddable":true,"href":"https:\/\/www.weingut-polsterer.com\/Wordpress\/wp-json\/wp\/v2\/users\/1"}],"replies":[{"embeddable":true,"href":"https:\/\/www.weingut-polsterer.com\/Wordpress\/wp-json\/wp\/v2\/comments?post=62"}],"version-history":[{"count":44,"href":"https:\/\/www.weingut-polsterer.com\/Wordpress\/wp-json\/wp\/v2\/pages\/62\/revisions"}],"predecessor-version":[{"id":988,"href":"https:\/\/www.weingut-polsterer.com\/Wordpress\/wp-json\/wp\/v2\/pages\/62\/revisions\/988"}],"up":[{"embeddable":true,"href":"https:\/\/www.weingut-polsterer.com\/Wordpress\/wp-json\/wp\/v2\/pages\/57"}],"wp:attachment":[{"href":"https:\/\/www.weingut-polsterer.com\/Wordpress\/wp-json\/wp\/v2\/media?parent=62"}],"curies":[{"name":"wp","href":"https:\/\/api.w.org\/{rel}","templated":true}]}}