{"id":64,"date":"2015-05-11T16:31:26","date_gmt":"2015-05-11T14:31:26","guid":{"rendered":"http:\/\/www.weingut-polsterer.com\/Wordpress\/?page_id=64"},"modified":"2022-02-06T13:14:32","modified_gmt":"2022-02-06T12:14:32","slug":"schankweine","status":"publish","type":"page","link":"https:\/\/www.weingut-polsterer.com\/Wordpress\/weine\/schankweine\/","title":{"rendered":"Schankweine"},"content":{"rendered":"<table id=\"AutoNumber1\" style=\"height: 158px; margin-top: 30px; margin-bottom: 30px;\" border=\"0\" width=\"1253\" cellspacing=\"0\" cellpadding=\"0\">\n<tbody>\n<tr>\n<td width=\"42%\"><span style=\"color: #008000; font-size: small;\">1.Liter\u00a0 Sortiment<\/span><\/td>\n<td width=\"13%\"><\/td>\n<td width=\"45%\"><span style=\"color: #008000; font-size: small;\">2. Liter Sortiment<\/span><\/td>\n<\/tr>\n<tr>\n<td width=\"42%\"><span style=\"font-size: small;\">Gr\u00fcner Veltliner Qualit\u00e4tswein<\/span><\/td>\n<td width=\"13%\"><\/td>\n<td width=\"45%\"><span style=\"font-size: small;\"><span style=\"line-height: 19.5px;\">Wei\u00dfwein<\/span><\/span><\/td>\n<\/tr>\n<tr>\n<td width=\"42%\">Blauer Zweigelt Qualit\u00e4tswein<\/td>\n<td width=\"13%\"><\/td>\n<td width=\"45%\"><span style=\"font-size: small;\"><span style=\"line-height: 19.5px;\">Rotwein<\/span><\/span><\/td>\n<\/tr>\n<tr>\n<td width=\"42%\">Welschriesling Landwein<\/td>\n<td width=\"13%\"><\/td>\n<td width=\"45%\"><\/td>\n<\/tr>\n<tr>\n<td width=\"42%\"><span style=\"font-size: small;\">Rivaner Landwein<\/span><\/td>\n<td width=\"13%\"><\/td>\n<td width=\"45%\"><\/td>\n<\/tr>\n<tr>\n<td width=\"42%\"><span style=\"font-size: small;\">Rotburger Ros\u00e8 Landwein<\/span><\/td>\n<td width=\"13%\"><\/td>\n<td width=\"45%\"><\/td>\n<\/tr>\n<\/tbody>\n<\/table>\n<p><a class=\"lbp\" href=\"http:\/\/weingut-polsterer.com\/Wordpress\/wp-content\/uploads\/2015\/05\/Schankweine1.png\"><img loading=\"lazy\" class=\" size-full wp-image-672 aligncenter\" src=\"http:\/\/weingut-polsterer.com\/Wordpress\/wp-content\/uploads\/2015\/05\/Schankweine1.png\" alt=\"Schankweine\" width=\"80%\" height=\"80%\" \/><\/a><\/p>\n","protected":false},"excerpt":{"rendered":"<p>1.Liter\u00a0 Sortiment 2. Liter Sortiment Gr\u00fcner Veltliner Qualit\u00e4tswein Wei\u00dfwein Blauer Zweigelt Qualit\u00e4tswein Rotwein Welschriesling Landwein Rivaner Landwein Rotburger Ros\u00e8 Landwein<\/p>\n","protected":false},"author":1,"featured_media":0,"parent":57,"menu_order":0,"comment_status":"closed","ping_status":"closed","template":"template-fullwidth.php","meta":[],"translation":{"provider":"WPGlobus","version":"2.10.0","language":"de","enabled_languages":["de"],"languages":{"de":{"title":true,"content":true,"excerpt":false}}},"_links":{"self":[{"href":"https:\/\/www.weingut-polsterer.com\/Wordpress\/wp-json\/wp\/v2\/pages\/64"}],"collection":[{"href":"https:\/\/www.weingut-polsterer.com\/Wordpress\/wp-json\/wp\/v2\/pages"}],"about":[{"href":"https:\/\/www.weingut-polsterer.com\/Wordpress\/wp-json\/wp\/v2\/types\/page"}],"author":[{"embeddable":true,"href":"https:\/\/www.weingut-polsterer.com\/Wordpress\/wp-json\/wp\/v2\/users\/1"}],"replies":[{"embeddable":true,"href":"https:\/\/www.weingut-polsterer.com\/Wordpress\/wp-json\/wp\/v2\/comments?post=64"}],"version-history":[{"count":9,"href":"https:\/\/www.weingut-polsterer.com\/Wordpress\/wp-json\/wp\/v2\/pages\/64\/revisions"}],"predecessor-version":[{"id":897,"href":"https:\/\/www.weingut-polsterer.com\/Wordpress\/wp-json\/wp\/v2\/pages\/64\/revisions\/897"}],"up":[{"embeddable":true,"href":"https:\/\/www.weingut-polsterer.com\/Wordpress\/wp-json\/wp\/v2\/pages\/57"}],"wp:attachment":[{"href":"https:\/\/www.weingut-polsterer.com\/Wordpress\/wp-json\/wp\/v2\/media?parent=64"}],"curies":[{"name":"wp","href":"https:\/\/api.w.org\/{rel}","templated":true}]}}