{"id":548,"date":"2020-03-30T14:26:28","date_gmt":"2020-03-30T12:26:28","guid":{"rendered":"http:\/\/www.weingut-polsterer.com\/Wordpress\/?post_type=product&#038;p=548"},"modified":"2025-05-22T15:32:22","modified_gmt":"2025-05-22T13:32:22","slug":"welschriesling","status":"publish","type":"product","link":"https:\/\/www.weingut-polsterer.com\/Wordpress\/produkt\/welschriesling\/","title":{"rendered":"Welschriesling"},"content":{"rendered":"<p>Nieder\u00f6sterreich &#8211; \u00d6sterreich<b style=\"font-size: large;\"><br \/>\n<\/b><span style=\"font-size: 15px;\">Qualit\u00e4tswein 2024 &#8211;\u00a0 trocken<br \/>\n12,5% vol &#8211; Erzeugerabf\u00fcllung &#8211; 0,75l<\/span><\/p>\n<p>&nbsp;<\/p>\n<p>Dieser Wein wurde bei der nieder\u00f6sterreichischen Landesweinpr\u00e4mierung mit N\u00d6-Gold ausgezeichnet.<\/p>\n<p>&nbsp;<\/p>\n<p>&nbsp;<\/p>\n","protected":false},"excerpt":{"rendered":"<p><span style=\"font-size: 15px;\">Ein frischer Wein der typisch ausgebaut wurde und mit Apfel- und Zitrusaromen besticht.<\/span><\/p>\n<p>&nbsp;<\/p>\n<p><img loading=\"lazy\" class=\"\" src=\"https:\/\/www.weingut-polsterer.com\/Wordpress\/wp-content\/uploads\/2021\/07\/N%C3%96-Gold.jpg\" width=\"100\" height=\"100\" \/><\/p>\n<p>&nbsp;<\/p>\n<p>&nbsp;<\/p>\n","protected":false},"featured_media":825,"comment_status":"open","ping_status":"closed","template":"","meta":[],"product_cat":[25],"product_tag":[],"translation":{"provider":"WPGlobus","version":"2.10.0","language":"de","enabled_languages":["de"],"languages":{"de":{"title":true,"content":true,"excerpt":true}}},"_links":{"self":[{"href":"https:\/\/www.weingut-polsterer.com\/Wordpress\/wp-json\/wp\/v2\/product\/548"}],"collection":[{"href":"https:\/\/www.weingut-polsterer.com\/Wordpress\/wp-json\/wp\/v2\/product"}],"about":[{"href":"https:\/\/www.weingut-polsterer.com\/Wordpress\/wp-json\/wp\/v2\/types\/product"}],"replies":[{"embeddable":true,"href":"https:\/\/www.weingut-polsterer.com\/Wordpress\/wp-json\/wp\/v2\/comments?post=548"}],"wp:featuredmedia":[{"embeddable":true,"href":"https:\/\/www.weingut-polsterer.com\/Wordpress\/wp-json\/wp\/v2\/media\/825"}],"wp:attachment":[{"href":"https:\/\/www.weingut-polsterer.com\/Wordpress\/wp-json\/wp\/v2\/media?parent=548"}],"wp:term":[{"taxonomy":"product_cat","embeddable":true,"href":"https:\/\/www.weingut-polsterer.com\/Wordpress\/wp-json\/wp\/v2\/product_cat?post=548"},{"taxonomy":"product_tag","embeddable":true,"href":"https:\/\/www.weingut-polsterer.com\/Wordpress\/wp-json\/wp\/v2\/product_tag?post=548"}],"curies":[{"name":"wp","href":"https:\/\/api.w.org\/{rel}","templated":true}]}}