{"id":840,"date":"2022-07-05T16:05:05","date_gmt":"2022-07-05T14:05:05","guid":{"rendered":"http:\/\/www.weingut-polsterer.com\/Wordpress\/?post_type=product&#038;p=840"},"modified":"2025-07-07T09:31:00","modified_gmt":"2025-07-07T07:31:00","slug":"roter-veltliner","status":"publish","type":"product","link":"https:\/\/www.weingut-polsterer.com\/Wordpress\/produkt\/roter-veltliner\/","title":{"rendered":"Roter Veltliner"},"content":{"rendered":"<p>WagramDac &#8211; Feuersbrunn<b style=\"font-size: large;\"><br \/>\n<\/b><span style=\"font-size: 15px;\">Qualit\u00e4tswein 2024 &#8211; trocken<br \/>\n13,5% vol &#8211; Erzeugerabf\u00fcllung &#8211; 0,75l<\/span><\/p>\n<p>&nbsp;<\/p>\n<p>Dieser Wein wurde bei der nieder\u00f6sterreichischen Landesweinpr\u00e4mierung mit Nieder\u00f6sterreich Gold ausgezeichnet.<\/p>\n<p><a href=\"https:\/\/www.weingut-polsterer.com\/Wordpress\/wp-content\/uploads\/2022\/07\/Gold-1.jpg\"><img loading=\"lazy\" class=\"alignnone wp-image-976\" src=\"https:\/\/www.weingut-polsterer.com\/Wordpress\/wp-content\/uploads\/2022\/07\/Gold-1-300x300.jpg\" alt=\"\" width=\"100\" height=\"100\" srcset=\"https:\/\/www.weingut-polsterer.com\/Wordpress\/wp-content\/uploads\/2022\/07\/Gold-1-300x300.jpg 300w, https:\/\/www.weingut-polsterer.com\/Wordpress\/wp-content\/uploads\/2022\/07\/Gold-1-150x150.jpg 150w, https:\/\/www.weingut-polsterer.com\/Wordpress\/wp-content\/uploads\/2022\/07\/Gold-1-100x100.jpg 100w, https:\/\/www.weingut-polsterer.com\/Wordpress\/wp-content\/uploads\/2022\/07\/Gold-1-200x200.jpg 200w, https:\/\/www.weingut-polsterer.com\/Wordpress\/wp-content\/uploads\/2022\/07\/Gold-1.jpg 378w\" sizes=\"(max-width: 100px) 100vw, 100px\" \/><\/a><\/p>\n<p>&nbsp;<\/p>\n<p>&nbsp;<\/p>\n<p>&nbsp;<\/p>\n<p>&nbsp;<\/p>\n<p>&nbsp;<\/p>\n","protected":false},"excerpt":{"rendered":"<p><span style=\"font-size: 15px;\">Der Rote Veltliner ist die charakteristische Sorte f\u00fcr das Weinbaugebiet Wagram. Dieser Wein zeichnet sich speziell durch seine anregende S\u00e4ure und leichte Rests\u00fc\u00dfe aus.<\/span><\/p>\n<p>&nbsp;<\/p>\n<p>&nbsp;<\/p>\n","protected":false},"featured_media":915,"comment_status":"open","ping_status":"closed","template":"","meta":[],"product_cat":[25],"product_tag":[],"translation":{"provider":"WPGlobus","version":"2.10.0","language":"de","enabled_languages":["de"],"languages":{"de":{"title":true,"content":true,"excerpt":true}}},"_links":{"self":[{"href":"https:\/\/www.weingut-polsterer.com\/Wordpress\/wp-json\/wp\/v2\/product\/840"}],"collection":[{"href":"https:\/\/www.weingut-polsterer.com\/Wordpress\/wp-json\/wp\/v2\/product"}],"about":[{"href":"https:\/\/www.weingut-polsterer.com\/Wordpress\/wp-json\/wp\/v2\/types\/product"}],"replies":[{"embeddable":true,"href":"https:\/\/www.weingut-polsterer.com\/Wordpress\/wp-json\/wp\/v2\/comments?post=840"}],"wp:featuredmedia":[{"embeddable":true,"href":"https:\/\/www.weingut-polsterer.com\/Wordpress\/wp-json\/wp\/v2\/media\/915"}],"wp:attachment":[{"href":"https:\/\/www.weingut-polsterer.com\/Wordpress\/wp-json\/wp\/v2\/media?parent=840"}],"wp:term":[{"taxonomy":"product_cat","embeddable":true,"href":"https:\/\/www.weingut-polsterer.com\/Wordpress\/wp-json\/wp\/v2\/product_cat?post=840"},{"taxonomy":"product_tag","embeddable":true,"href":"https:\/\/www.weingut-polsterer.com\/Wordpress\/wp-json\/wp\/v2\/product_tag?post=840"}],"curies":[{"name":"wp","href":"https:\/\/api.w.org\/{rel}","templated":true}]}}